{"id":72,"date":"2021-03-09T16:42:23","date_gmt":"2021-03-09T13:42:23","guid":{"rendered":"https:\/\/silikajel.kimted.net\/?post_type=product&#038;p=72"},"modified":"2021-08-12T18:58:16","modified_gmt":"2021-08-12T15:58:16","slug":"nem-alici-silikajel-5grlik","status":"publish","type":"product","link":"https:\/\/silikajel.kimted.net\/?product=nem-alici-silikajel-5grlik","title":{"rendered":"Nem al\u0131c\u0131 silikajel 5gr\u2019l\u0131k"},"content":{"rendered":"<h1 style=\"text-align: center;\">Nem al\u0131c\u0131 silikajel 5gr\u2019l\u0131k<\/h1>\n<h2 style=\"text-align: center;\">250 Adet&#8217;lik Paketlerde<\/h2>\n<p style=\"text-align: center;\">Nem Al\u0131c\u0131 Silikajel ( silicagel ) desiccant\u00a0\u00d6zel Ambalaj\u0131nda\u00a05 graml\u0131k\u00a0Bu \u00fcr\u00fcn Terlik ayakkab\u0131, \u00e7orap, g\u00f6mlek, benzeri tekstik \u00fcr\u00fcnlerin nem ve rutubet\u00a0\u00f6nlemedeki \u00e7\u00f6z\u00fcmlerinde kullan\u0131m\u0131 uygundur..<\/p>\n","protected":false},"excerpt":{"rendered":"<h2>250 Adet&#8217;lik Ambalaj<\/h2>\n<div id=\"wp_rp_first\" class=\"wp_rp_wrap wp_rp_vertical_m\">\n<div class=\"wp_rp_content\"><\/div>\n<\/div>\n","protected":false},"featured_media":179,"comment_status":"open","ping_status":"closed","template":"","meta":{"_monsterinsights_skip_tracking":false,"_monsterinsights_sitenote_active":false,"_monsterinsights_sitenote_note":"","_monsterinsights_sitenote_category":0,"advanced_seo_description":"","jetpack_seo_html_title":"","jetpack_seo_noindex":false,"jetpack_publicize_message":"","jetpack_publicize_feature_enabled":true,"jetpack_social_post_already_shared":false,"jetpack_social_options":{"image_generator_settings":{"template":"highway","default_image_id":0,"enabled":false},"version":2}},"product_brand":[],"product_cat":[15,16],"product_tag":[68,69,34,67,201,25,24,31,18,200,197,198,199,21,35,32,33,36,43,41,17,141,195,51,39,40,50],"class_list":{"0":"post-72","1":"product","2":"type-product","3":"status-publish","4":"has-post-thumbnail","6":"product_cat-tum-urunler","7":"product_cat-silikajel","8":"product_tag-5-gr","9":"product_tag-5-gram","10":"product_tag-5gr","11":"product_tag-5grlik","12":"product_tag-bim-nem-alici","13":"product_tag-desiccant","14":"product_tag-nem","15":"product_tag-nem-absorber","16":"product_tag-nem-alici","17":"product_tag-nem-alici-5gr","18":"product_tag-nem-alici-nedir","19":"product_tag-nem-alici-poset","20":"product_tag-nem-alma-cihazi","21":"product_tag-nem-tutucu","22":"product_tag-rutubet-emici","23":"product_tag-rutubet-onleyici","24":"product_tag-rutubet-tutucu","25":"product_tag-silicagel","26":"product_tag-silika-jel","27":"product_tag-silika-jel-krem","28":"product_tag-silikajel","29":"product_tag-silikajel-nereden-alinir","30":"product_tag-silikajel-satin-al","31":"product_tag-tablet-silikajel","32":"product_tag-toz-silikajel","33":"product_tag-trafo-silikajel","34":"product_tag-trafo-silikajeli","36":"first","37":"instock","38":"taxable","39":"shipping-taxable","40":"product-type-simple"},"jetpack_publicize_connections":[],"jetpack_sharing_enabled":true,"jetpack-related-posts":[],"jetpack_likes_enabled":true,"_links":{"self":[{"href":"https:\/\/silikajel.kimted.net\/index.php?rest_route=\/wp\/v2\/product\/72","targetHints":{"allow":["GET"]}}],"collection":[{"href":"https:\/\/silikajel.kimted.net\/index.php?rest_route=\/wp\/v2\/product"}],"about":[{"href":"https:\/\/silikajel.kimted.net\/index.php?rest_route=\/wp\/v2\/types\/product"}],"replies":[{"embeddable":true,"href":"https:\/\/silikajel.kimted.net\/index.php?rest_route=%2Fwp%2Fv2%2Fcomments&post=72"}],"wp:featuredmedia":[{"embeddable":true,"href":"https:\/\/silikajel.kimted.net\/index.php?rest_route=\/wp\/v2\/media\/179"}],"wp:attachment":[{"href":"https:\/\/silikajel.kimted.net\/index.php?rest_route=%2Fwp%2Fv2%2Fmedia&parent=72"}],"wp:term":[{"taxonomy":"product_brand","embeddable":true,"href":"https:\/\/silikajel.kimted.net\/index.php?rest_route=%2Fwp%2Fv2%2Fproduct_brand&post=72"},{"taxonomy":"product_cat","embeddable":true,"href":"https:\/\/silikajel.kimted.net\/index.php?rest_route=%2Fwp%2Fv2%2Fproduct_cat&post=72"},{"taxonomy":"product_tag","embeddable":true,"href":"https:\/\/silikajel.kimted.net\/index.php?rest_route=%2Fwp%2Fv2%2Fproduct_tag&post=72"}],"curies":[{"name":"wp","href":"https:\/\/api.w.org\/{rel}","templated":true}]}}