{"id":266,"date":"2022-08-10T16:25:24","date_gmt":"2022-08-10T13:25:24","guid":{"rendered":"https:\/\/silikajel.kimted.net\/?post_type=product&#038;p=266"},"modified":"2022-08-10T16:43:04","modified_gmt":"2022-08-10T13:43:04","slug":"mikro-pak","status":"publish","type":"product","link":"https:\/\/silikajel.kimted.net\/?product=mikro-pak","title":{"rendered":"Micro-pak &#8211; K\u00fcf ve rutubet \u00f6nleyici"},"content":{"rendered":"<p>Micro-pak &#8211; K\u00fcf ve rutubet \u00f6nleyici<\/p>\n<p>K\u00fcf olu\u015fumunu engellemede etkili olan \u00fcr\u00fcn \u00f6zellikle ayakkab\u0131lar i\u00e7in d\u00fczenlenmi\u015ftir.<\/p>\n<p>2000 adet&#8217; lik rulo \u015feklindedir..<\/p>\n<p>&nbsp;<\/p>\n<p>&nbsp;<\/p>\n","protected":false},"excerpt":{"rendered":"<p>Micro-pak &#8211; K\u00fcf ve rutubet \u00f6nleyici<\/p>\n","protected":false},"featured_media":268,"comment_status":"open","ping_status":"closed","template":"","meta":{"_monsterinsights_skip_tracking":false,"_monsterinsights_sitenote_active":false,"_monsterinsights_sitenote_note":"","_monsterinsights_sitenote_category":0,"advanced_seo_description":"","jetpack_seo_html_title":"","jetpack_seo_noindex":false,"jetpack_publicize_message":"","jetpack_publicize_feature_enabled":true,"jetpack_social_post_already_shared":true,"jetpack_social_options":{"image_generator_settings":{"template":"highway","default_image_id":0,"enabled":false},"version":2}},"product_brand":[],"product_cat":[15,66,30,16],"product_tag":[272,276,281,275,279,273,280,277,265,263,282,271,270,284,283,264,269,136,286,285,268,278,274,36,17,266,267],"class_list":{"0":"post-266","1":"product","2":"type-product","3":"status-publish","4":"has-post-thumbnail","6":"product_cat-tum-urunler","7":"product_cat-dokme-nem-alici","8":"product_cat-oksijen-emici","9":"product_cat-silikajel","10":"product_tag-anti-mold","11":"product_tag-anti-mold-ecochip","12":"product_tag-anti-mikrobiyal","13":"product_tag-ayakkabi-icin-micropak","14":"product_tag-ayakkabi-silikajeli","15":"product_tag-kuf-onleyici","16":"product_tag-kuf-ve-rutubet-onleyici","17":"product_tag-ldpe","18":"product_tag-mciro-pak-sticker","19":"product_tag-micro-pak","20":"product_tag-micro-pak-nedir","21":"product_tag-micropack","22":"product_tag-micropak","23":"product_tag-mikro","24":"product_tag-mikro-pack","25":"product_tag-mikro-pak","26":"product_tag-mikropak","27":"product_tag-nem-cekici","28":"product_tag-pack","29":"product_tag-pak","30":"product_tag-pe-sheet","31":"product_tag-recyclable","32":"product_tag-rutubet-giderici","33":"product_tag-silicagel","34":"product_tag-silikajel","35":"product_tag-sticker","36":"product_tag-stikir","38":"first","39":"instock","40":"taxable","41":"shipping-taxable","42":"product-type-simple"},"jetpack_publicize_connections":[],"jetpack_sharing_enabled":true,"jetpack-related-posts":[],"jetpack_likes_enabled":true,"_links":{"self":[{"href":"https:\/\/silikajel.kimted.net\/index.php?rest_route=\/wp\/v2\/product\/266","targetHints":{"allow":["GET"]}}],"collection":[{"href":"https:\/\/silikajel.kimted.net\/index.php?rest_route=\/wp\/v2\/product"}],"about":[{"href":"https:\/\/silikajel.kimted.net\/index.php?rest_route=\/wp\/v2\/types\/product"}],"replies":[{"embeddable":true,"href":"https:\/\/silikajel.kimted.net\/index.php?rest_route=%2Fwp%2Fv2%2Fcomments&post=266"}],"wp:featuredmedia":[{"embeddable":true,"href":"https:\/\/silikajel.kimted.net\/index.php?rest_route=\/wp\/v2\/media\/268"}],"wp:attachment":[{"href":"https:\/\/silikajel.kimted.net\/index.php?rest_route=%2Fwp%2Fv2%2Fmedia&parent=266"}],"wp:term":[{"taxonomy":"product_brand","embeddable":true,"href":"https:\/\/silikajel.kimted.net\/index.php?rest_route=%2Fwp%2Fv2%2Fproduct_brand&post=266"},{"taxonomy":"product_cat","embeddable":true,"href":"https:\/\/silikajel.kimted.net\/index.php?rest_route=%2Fwp%2Fv2%2Fproduct_cat&post=266"},{"taxonomy":"product_tag","embeddable":true,"href":"https:\/\/silikajel.kimted.net\/index.php?rest_route=%2Fwp%2Fv2%2Fproduct_tag&post=266"}],"curies":[{"name":"wp","href":"https:\/\/api.w.org\/{rel}","templated":true}]}}