{"id":222,"date":"2021-04-07T17:44:52","date_gmt":"2021-04-07T14:44:52","guid":{"rendered":"https:\/\/silikajel.kimted.net\/?post_type=product&#038;p=222"},"modified":"2025-08-08T03:00:23","modified_gmt":"2025-08-08T00:00:23","slug":"dokme-nem-alici-silikajel-beyaz","status":"publish","type":"product","link":"https:\/\/silikajel.kimted.net\/?product=dokme-nem-alici-silikajel-beyaz","title":{"rendered":"D\u00f6kme nem al\u0131c\u0131 silikajel beyaz"},"content":{"rendered":"<h3 style=\"text-align: center;\">D\u00f6kme nem al\u0131c\u0131 silikajel beyaz<\/h3>\n<p>Silika jel kurutucu, end\u00fcstrideki bir\u00e7ok olas\u0131 kullan\u0131m\u0131n\u0131n ihtiya\u00e7lar\u0131n\u0131\u00a0kar\u015f\u0131lamak i\u00e7in \u00e7e\u015fitli a\u011f boyutlar\u0131nda mevcut olan olduk\u00e7a kullan\u0131\u015fl\u0131 bir kurutucu \u00e7e\u015fididir\u00a0.<\/p>\n<p>Kimyasallarla reaksiyona girmez, tats\u0131z, kokusuz, toksik ve a\u015f\u0131nd\u0131r\u0131c\u0131 de\u011fildir.\u00a0Son derece g\u00f6zeneklidir ve geni\u015f i\u00e7 y\u00fczey alan\u0131 nedeniyle b\u00fcy\u00fck miktarda suyu adsorbe edebilir. Nemlenmedi\u011fi i\u00e7in boyutu ve \u015fekli her zaman ayn\u0131 kal\u0131r ve adsorpsiyondan kaynaklanan kimyasal reaksiyonlar veya yan \u00fcr\u00fcnler yoktur. s\u00fcre\u00e7.\u00a0Suyla doyuruldu\u011funda bile jel serbest\u00e7e akar ve kuru kal\u0131r.<\/p>\n<h3>Beyaz Silika Jel<\/h3>\n<ul>\n<li>\u00a0\u015ei\u015felenmi\u015f ila\u00e7lar ve g\u0131da maddeleri i\u00e7in kullan\u0131labilir. Mallar\u0131 kuru tutaca\u011f\u0131n\u0131z ve \u00e7e\u015fitli k\u00fcf olu\u015fumunu \u00f6nleyece\u011finizden emin olabilirsiniz.<\/li>\n<li>Paketleme diskiant\u0131 olarak kullan\u0131labilir ve nem ge\u00e7irmezlik i\u00e7in kullan\u0131labilir.<\/li>\n<li>Paketleme i\u00e7in silika jel, bir\u00e7ok farkl\u0131 paketleme boyutuna sahiptir<\/li>\n<\/ul>\n<p style=\"padding-left: 40px;\">E\u015fyalar\u0131 nemli, k\u00fcf veya pastan korumak i\u00e7in \u00e7e\u015fitli e\u015fyalar\u0131n ( \u00f6rne\u011fin aletler ve g\u00f6stergeler, elektronik \u00fcr\u00fcnler, deriler, ayakkab\u0131lar, yiyecekler, malzemeler, ila\u00e7lar ve elektrikli ev aletleri vb.) Ambalaj\u0131na rahatl\u0131kla konulabilir . a\u015f\u0131nma.<\/p>\n","protected":false},"excerpt":{"rendered":"<h3 style=\"text-align: center;\">D\u00f6kme nem al\u0131c\u0131 silikajel ( silica gel ) beyaz ( white )<\/h3>\n<p>25kg &#8216;l\u0131k ambalajlarda d\u00f6kme olarak verilir.<\/p>\n","protected":false},"featured_media":224,"comment_status":"open","ping_status":"closed","template":"","meta":{"_monsterinsights_skip_tracking":false,"_monsterinsights_sitenote_active":false,"_monsterinsights_sitenote_note":"","_monsterinsights_sitenote_category":0,"advanced_seo_description":"","jetpack_seo_html_title":"","jetpack_seo_noindex":false,"jetpack_publicize_message":"","jetpack_publicize_feature_enabled":true,"jetpack_social_post_already_shared":true,"jetpack_social_options":{"image_generator_settings":{"template":"highway","default_image_id":0,"enabled":false},"version":2}},"product_brand":[],"product_cat":[15,66,158,16],"product_tag":[132,181,133,128,25,169,180,182,80,24,31,18,77,81,82,136,135,21,137,131,35,32,33,148,36,43,143,41,140,17,134,138,139,79,83,84,141,183,184,142,39,129,130,40,50],"class_list":{"0":"post-222","1":"product","2":"type-product","3":"status-publish","4":"has-post-thumbnail","6":"product_cat-tum-urunler","7":"product_cat-dokme-nem-alici","8":"product_cat-konteynir-kurutucu","9":"product_cat-silikajel","10":"product_tag-25kg","11":"product_tag-conpak","12":"product_tag-cuval-silikajel","13":"product_tag-desicant","14":"product_tag-desiccant","15":"product_tag-kimpak","16":"product_tag-kimtedpak","17":"product_tag-konteynirpak","18":"product_tag-mavi-silikajel-nem-alici","19":"product_tag-nem","20":"product_tag-nem-absorber","21":"product_tag-nem-alici","22":"product_tag-nem-alici-silikajel","23":"product_tag-nem-alici-silikajel-ankara","24":"product_tag-nem-alici-silikajel-izmir","25":"product_tag-nem-cekici","26":"product_tag-nem-tut","27":"product_tag-nem-tutucu","28":"product_tag-nemlendirici","29":"product_tag-pano","30":"product_tag-rutubet-emici","31":"product_tag-rutubet-onleyici","32":"product_tag-rutubet-tutucu","33":"product_tag-silica-gel","34":"product_tag-silicagel","35":"product_tag-silika-jel","36":"product_tag-silika-jel-1kg","37":"product_tag-silika-jel-krem","38":"product_tag-silika-jel-trendyol","39":"product_tag-silikajel","40":"product_tag-silikajel-cuvali","41":"product_tag-silikajel-krem","42":"product_tag-silikajel-nedir","43":"product_tag-silikajel-nem-alici","44":"product_tag-silikajel-nem-alici-eczanesi","45":"product_tag-silikajel-nem-alici-nasil-kullanilir","46":"product_tag-silikajel-nereden-alinir","47":"product_tag-slicagel","48":"product_tag-sodiumsilikat","49":"product_tag-toz-silika-jel","50":"product_tag-toz-silikajel","51":"product_tag-trafo","52":"product_tag-trafo-icin","53":"product_tag-trafo-silikajel","54":"product_tag-trafo-silikajeli","56":"first","57":"instock","58":"taxable","59":"shipping-taxable","60":"product-type-simple"},"jetpack_publicize_connections":[],"jetpack_sharing_enabled":true,"jetpack-related-posts":[],"jetpack_likes_enabled":true,"_links":{"self":[{"href":"https:\/\/silikajel.kimted.net\/index.php?rest_route=\/wp\/v2\/product\/222","targetHints":{"allow":["GET"]}}],"collection":[{"href":"https:\/\/silikajel.kimted.net\/index.php?rest_route=\/wp\/v2\/product"}],"about":[{"href":"https:\/\/silikajel.kimted.net\/index.php?rest_route=\/wp\/v2\/types\/product"}],"replies":[{"embeddable":true,"href":"https:\/\/silikajel.kimted.net\/index.php?rest_route=%2Fwp%2Fv2%2Fcomments&post=222"}],"wp:featuredmedia":[{"embeddable":true,"href":"https:\/\/silikajel.kimted.net\/index.php?rest_route=\/wp\/v2\/media\/224"}],"wp:attachment":[{"href":"https:\/\/silikajel.kimted.net\/index.php?rest_route=%2Fwp%2Fv2%2Fmedia&parent=222"}],"wp:term":[{"taxonomy":"product_brand","embeddable":true,"href":"https:\/\/silikajel.kimted.net\/index.php?rest_route=%2Fwp%2Fv2%2Fproduct_brand&post=222"},{"taxonomy":"product_cat","embeddable":true,"href":"https:\/\/silikajel.kimted.net\/index.php?rest_route=%2Fwp%2Fv2%2Fproduct_cat&post=222"},{"taxonomy":"product_tag","embeddable":true,"href":"https:\/\/silikajel.kimted.net\/index.php?rest_route=%2Fwp%2Fv2%2Fproduct_tag&post=222"}],"curies":[{"name":"wp","href":"https:\/\/api.w.org\/{rel}","templated":true}]}}