{"id":220,"date":"2021-04-07T17:02:44","date_gmt":"2021-04-07T14:02:44","guid":{"rendered":"https:\/\/silikajel.kimted.net\/?post_type=product&#038;p=220"},"modified":"2021-04-07T17:04:33","modified_gmt":"2021-04-07T14:04:33","slug":"oksijen-absorber-oksijen-emici-deoxidizer-2","status":"publish","type":"product","link":"https:\/\/silikajel.kimted.net\/?product=oksijen-absorber-oksijen-emici-deoxidizer-2","title":{"rendered":"Oksijen Absorber | Oksijen Emici | Deoxidizer 100cc"},"content":{"rendered":"<h3 class=\"card_title\" style=\"text-align: center;\">Oksijen Absorber (Oksijen Emici) Deoxidizer<\/h3>\n<p><span class=\"h2\"><span lang=\"EN-US\">OKS\u0130JEN<\/span><\/span>\u00a0<span lang=\"EN-US\">g\u0131da ve ila\u00e7 \u00fcr\u00fcnlerinde bozulman\u0131n temel nedenidir. Ambalaj\u0131n i\u00e7indeki\u00a0<\/span>k\u00fc\u00e7\u00fck miktarlarda ki oksijen bile\u00a0 \u00fcr\u00fcn kalitesi ve bozulman\u0131n h\u0131z\u0131n\u0131 etkileyecektir.<\/p>\n<p><span class=\"h2\"><span lang=\"EN-US\">Oksijen Emici<\/span><\/span><span lang=\"EN-US\">\u00a0g\u0131da \u00fcr\u00fcnleri ambalaj i\u00e7inde bulunan t\u00fcm oksijeni emmek \u00fczere tasarlanm\u0131\u015f bir aktif paketleme \u00e7\u00f6z\u00fcmd\u00fcr. Bu ba\u011f\u0131ml\u0131l\u0131k olmadan hafif ekzotermik reaksiyon ile, kimyasal reaktif Fe2O3, non-toksik, kullan\u0131m\u0131 g\u00fcvenlidir ajan antistaling bir t\u00fcr\u00fcd\u00fcr.\u00a0<\/span><\/p>\n<p><span lang=\"EN-US\">Oksijen ve karbondioksit emilimi nispeten g\u00fc\u00e7l\u00fc kapasitesi ile, g\u0131da \u00fcr\u00fcnleri geni\u015f bir yelpazede \u00fczerinde tazelik tutma ihtiyac\u0131n\u0131 tatmin edecek. Etkin bir \u015fekilde oksijen ve karbondioksiti \u00e7\u0131kar\u0131lmas\u0131 ve m\u00fch\u00fcrl\u00fc bir paket i\u00e7inde O2 ve CO2 serbest bir ortam yaratmak ederek, tazelik, orijinal tat ve g\u0131da rengini tutacak, ve bayatlamay\u0131 oksidatif ek\u015fime, kal\u0131p, aerobik ve anaerobik b\u00fcy\u00fcme engellemek mikroorganizmalar. Ayn\u0131 zamanda etkili korozyon, paslanma geli\u015fimini ve m\u00fch\u00fcrl\u00fc giyim, enstr\u00fcman vb \u00fczerinde k\u00fcf olu\u015fumunu engeller<\/span><\/p>\n<p><strong>Bir OKS\u0130JEN ABSORBER ne yapar?<\/strong><\/p>\n<p>Oksijen emici nem \u00fcr\u00fcn su miktar\u0131na veya \u00e7evredeki g\u00f6re se\u00e7ilir.\u00a0Oksijen emici ambalajl\u0131 g\u0131dalar ve bozulma, k\u00fcf, renk de\u011fi\u015fikli\u011fi, besleyici de\u011ferler, b\u00f6cek hasar\u0131 ve kalite kayb\u0131 kayb\u0131na kar\u015f\u0131 di\u011fer \u00fcr\u00fcnler korur. G\u0131da katk\u0131 maddeleri ve koruyucu kullan\u0131lmadan% 0.01 Oksijen emici etkili bir paketlenmi\u015f g\u0131dalar\u0131n korur alt\u0131na ambalaj\u0131n i\u00e7indeki oksijen art\u0131k ortadan kald\u0131rarak. Oksijen emici raf \u00f6mr\u00fcn\u00fc uzat\u0131r ama oldu\u011fu gibi \u00fcr\u00fcn kalitesini tutar sadece.<\/p>\n<p>Ayr\u0131ca, aerobik bakteri ve k\u00fcf b\u00fcy\u00fcmesi ya\u011f asitle\u015ftirme ile birlikte bast\u0131r\u0131l\u0131r. \u00dcr\u00fcn\u00fcm\u00fcz etkili bir b\u00f6ylelikle \u00fcr\u00fcnlerin tazeli\u011fini koruyarak, \u00fcr\u00fcn ambalaj\u0131ndan oksijeni kald\u0131r\u0131r. \u00dcr\u00fcnler uzun s\u00fcreler i\u00e7in depoland\u0131\u011f\u0131nda, oksijen zararl\u0131 etkilere bir dizi yol a\u00e7ar. \u00d6zellikle, Oksijen o d\u00fc\u015fer \u00fcr\u00fcnlerin kalite noktas\u0131na g\u0131da besin de\u011ferini etkileyen ve art\u0131k belirtilen vitamin ve besin de\u011ferlerini i\u00e7erir, bu tat ve lezzet bozulur, b\u00fcy\u00fcmeye bakterilerin olu\u015fumunu neden olur. Oksijen emiciler, hava dostu mikroplar\u0131 \u00f6nleyerek uzun s\u00fcre taze \u00fcr\u00fcnler tutmak i\u00e7in geli\u015ftirilmi\u015ftir.<\/p>\n<p><strong>Oksijen Emici Avantajlar\u0131:<\/strong><\/p>\n<ul>\n<li>,% 0.01\u2019den az oksijen d\u00fczeylerini d\u00fc\u015f\u00fcr\u00fcr<\/li>\n<li>Bireysel paketler veya rulo \u015feklinde mevcuttur<\/li>\n<li>\u00dcr\u00fcn tazeli\u011fini ve g\u0131da kalitesi korur<\/li>\n<li>\u00dcr\u00fcn\u00fcn raf \u00f6mr\u00fcn\u00fc uzat\u0131r<\/li>\n<li>FDA GRAS De\u011ferlendirilen: g\u0131da ve g\u0131da ile ilgili \u00fcr\u00fcnlerin kullan\u0131m i\u00e7in g\u00fcvenli<\/li>\n<li>\u015eekillendirme kal\u0131p, k\u00fcf ve bakteri \u00f6nler<\/li>\n<li>\u00c7evre g\u00fcvenli ve kullan\u0131m\u0131 kolay<\/li>\n<\/ul>\n<p><strong>Uygulama:<\/strong><\/p>\n<p>Bozulabilir g\u0131da 1. tazeli\u011fi korunmas\u0131.<br \/>\n2.. Kal\u0131p, ya\u011f oksidasyonu, ek\u015fime ve bayatlamas\u0131n\u0131n geli\u015fiminden kurutulmu\u015f et ve bal\u0131k \u00fcr\u00fcn\u00fc \u00f6nleyin.<br \/>\n3.. G\u00fcve, k\u00fcf b\u00fcy\u00fcmesi, renk bozulmas\u0131 ve oksidatif ek\u015fime kar\u015f\u0131 kurutulmu\u015f meyve ve sebze koruyun.<br \/>\n4.. Farmas\u00f6tik \u00fcr\u00fcnlerin kalite ve lezzet korumak ve g\u00fcve, k\u00fcf ve mikroorganizmalar\u0131n b\u00fcy\u00fcmesini bast\u0131rmak.<br \/>\n5. \u00c7ay, t\u00fct\u00fcn, hububat, deri, vb kalitesini korumak<br \/>\n6. Metal, antik uzun vadeli korunmas\u0131 ve di\u011fer de\u011ferli enstr\u00fcman\u0131n pas ge\u00e7irmez elde edin.<\/p>\n<h3><strong><span lang=\"EN-US\">Uyar\u0131:<\/span><\/strong><\/h3>\n<p class=\"tgt\"><span lang=\"EN-US\">1. Bu \u00fcr\u00fcn, d\u00fc\u015f\u00fck nem (su i\u00e7eri\u011fi% 20 den az) i\u00e7in uygundur. Kullan\u0131ld\u0131\u011f\u0131nda malzeme kayb\u0131n\u0131 azaltmak amac\u0131yla, m\u00fcmk\u00fcn oldu\u011funca fazla olarak hava dahil kullanarak etkisini art\u0131rmak i\u00e7in.<\/span><\/p>\n<p class=\"tgt\" style=\"text-align: left;\"><span style=\"color: #ff0000;\"><strong><span lang=\"EN-US\">2. Bu \u00fcr\u00fcn 30 dakika i\u00e7inde bitirilmelidir, bitmemi\u015f \u00fcr\u00fcnler operasyon gerekliliklerine g\u00f6re de\u011filse, bir zamanlar a\u00e7\u0131k kapat\u0131lmal\u0131d\u0131r.<\/span><\/strong><\/span><\/p>\n","protected":false},"excerpt":{"rendered":"<h3 class=\"card_title\" style=\"text-align: left;\">Oksijen Absorber ( Oksijen Emici ) Deoxidizer<\/h3>\n<h6 style=\"text-align: left;\"><span class=\"h2\"><span lang=\"EN-US\">OKS\u0130JEN<\/span><\/span>\u00a0<span lang=\"EN-US\">g\u0131da ve ila\u00e7 \u00fcr\u00fcnlerinde bozulman\u0131n temel nedenidir. Ambalaj\u0131n i\u00e7indeki oksijen bile k\u00fc\u00e7\u00fck miktarlarda \u00fcr\u00fcn kalitesi ve bozulman\u0131n h\u0131z\u0131n\u0131 etkileyecektir.\u00a0<\/span><\/h6>\n","protected":false},"featured_media":217,"comment_status":"open","ping_status":"closed","template":"","meta":{"_monsterinsights_skip_tracking":false,"_monsterinsights_sitenote_active":false,"_monsterinsights_sitenote_note":"","_monsterinsights_sitenote_category":0,"advanced_seo_description":"","jetpack_seo_html_title":"","jetpack_seo_noindex":false,"jetpack_publicize_message":"","jetpack_publicize_feature_enabled":true,"jetpack_social_post_already_shared":true,"jetpack_social_options":{"image_generator_settings":{"template":"highway","default_image_id":0,"enabled":false},"version":2}},"product_brand":[],"product_cat":[15,30],"product_tag":[109,111,110,108,112,97,103,119,115,116,125,120,95,114,102,104,101,113,96,121,122,126,100,99,123,124,105,106,98,118,117,107],"class_list":{"0":"post-220","1":"product","2":"type-product","3":"status-publish","4":"has-post-thumbnail","6":"product_cat-tum-urunler","7":"product_cat-oksijen-emici","8":"product_tag-100cc","9":"product_tag-100cc-oksijen-emici","10":"product_tag-200cc","11":"product_tag-30cc","12":"product_tag-cc-oksijen-emici","13":"product_tag-deoxidizer","14":"product_tag-gida-icin-oksijen-emici","15":"product_tag-gida-muhafazasi","16":"product_tag-gidanin-bozulmasini-onleyen-madde","17":"product_tag-hava-emici","18":"product_tag-marmarabirlik-oksijen-emici","19":"product_tag-oksi","20":"product_tag-oksijen","21":"product_tag-oksijen-absorbe-edici","22":"product_tag-oksijen-absorber","23":"product_tag-oksijen-absorber-paket","24":"product_tag-oksijen-alici","25":"product_tag-oksijen-cekici","26":"product_tag-oksijen-emici","27":"product_tag-oksijen-emici-fiyat","28":"product_tag-oksijen-emici-fiyatlari","29":"product_tag-oksijen-emici-nasil-kullanilir","30":"product_tag-oksijen-emici-nedir","31":"product_tag-oksijen-emici-paket","32":"product_tag-oksijen-emici-tablet","33":"product_tag-oksijen-emici-zararlari","34":"product_tag-oksijen-giderici","35":"product_tag-oksijen-giderici-madde","36":"product_tag-oksijen-paketi","37":"product_tag-oxygen","38":"product_tag-oxygen-absorber","39":"product_tag-unite","41":"first","42":"instock","43":"taxable","44":"shipping-taxable","45":"product-type-simple"},"jetpack_publicize_connections":[],"jetpack_sharing_enabled":true,"jetpack-related-posts":[],"jetpack_likes_enabled":true,"_links":{"self":[{"href":"https:\/\/silikajel.kimted.net\/index.php?rest_route=\/wp\/v2\/product\/220","targetHints":{"allow":["GET"]}}],"collection":[{"href":"https:\/\/silikajel.kimted.net\/index.php?rest_route=\/wp\/v2\/product"}],"about":[{"href":"https:\/\/silikajel.kimted.net\/index.php?rest_route=\/wp\/v2\/types\/product"}],"replies":[{"embeddable":true,"href":"https:\/\/silikajel.kimted.net\/index.php?rest_route=%2Fwp%2Fv2%2Fcomments&post=220"}],"wp:featuredmedia":[{"embeddable":true,"href":"https:\/\/silikajel.kimted.net\/index.php?rest_route=\/wp\/v2\/media\/217"}],"wp:attachment":[{"href":"https:\/\/silikajel.kimted.net\/index.php?rest_route=%2Fwp%2Fv2%2Fmedia&parent=220"}],"wp:term":[{"taxonomy":"product_brand","embeddable":true,"href":"https:\/\/silikajel.kimted.net\/index.php?rest_route=%2Fwp%2Fv2%2Fproduct_brand&post=220"},{"taxonomy":"product_cat","embeddable":true,"href":"https:\/\/silikajel.kimted.net\/index.php?rest_route=%2Fwp%2Fv2%2Fproduct_cat&post=220"},{"taxonomy":"product_tag","embeddable":true,"href":"https:\/\/silikajel.kimted.net\/index.php?rest_route=%2Fwp%2Fv2%2Fproduct_tag&post=220"}],"curies":[{"name":"wp","href":"https:\/\/api.w.org\/{rel}","templated":true}]}}