{"id":194,"date":"2021-03-15T14:36:09","date_gmt":"2021-03-15T11:36:09","guid":{"rendered":"https:\/\/silikajel.kimted.net\/?post_type=product&#038;p=194"},"modified":"2024-08-09T15:17:33","modified_gmt":"2024-08-09T12:17:33","slug":"turuncu-silikajel-nem-alici","status":"publish","type":"product","link":"https:\/\/silikajel.kimted.net\/?product=turuncu-silikajel-nem-alici","title":{"rendered":"Nem al\u0131c\u0131 silikajel Turuncu 1kg&#8217;l\u0131k"},"content":{"rendered":"<h1 style=\"text-align: center;\">Renk de\u011fi\u015ftiren Nem al\u0131c\u0131 silikajel 1000gr\u2019l\u0131k\u00a0 Turuncu ( Orange )<\/h1>\n<h4><strong>\u00d6zellikler<\/strong><br \/>\nK\u00fcresel veya d\u00fczensiz \u015fekilli gran\u00fcller formunda, jel \u015fu anda mavi veya turuncu olarak sunulmaktad\u0131r.\u00a0Ana bile\u015fen olarak silikon dioksit i\u00e7eren \u00fcr\u00fcn, mavi silika jelin t\u00fcm i\u015flevlerini yerine getirir ancak kobalt klor\u00fcr i\u00e7ermez ve bu nedenle zarars\u0131zd\u0131r ve kirlilik i\u00e7ermez ve rengi ba\u011f\u0131l nemle birlikte de\u011fi\u015fir.<\/h4>\n<h5><strong>Kullan\u0131m ..!<\/strong><br \/>\nTemel olarak hassas aletlerin, ila\u00e7lar\u0131n, benzin kimyasallar\u0131n\u0131n, g\u0131da maddelerinin, giysilerin, deri, elektrikli aletlerin, di\u011fer end\u00fcstriyel gazlar\u0131n vb. Kurutulmas\u0131 ve neminin g\u00f6sterilmesi i\u00e7indir.<\/h5>\n<h6><strong>Nas\u0131l kullan\u0131l\u0131r ?<\/strong><br \/>\nRenk de\u011fi\u015fkenli silika jeli uygun bir kap veya pakete koyun ve kab\u0131 yerle\u015ftirin veya kurutma veya nem g\u00f6stergesinin gerekli oldu\u011fu ambalaj. Bu jel, ba\u011f\u0131ms\u0131z olarak veya di\u011fer silika jel t\u00fcrleri ile kombinasyon halinde kullan\u0131labilir.<\/h6>\n<h2 style=\"text-align: center;\"><span style=\"color: #ff0000;\"><strong>Not: Naylon ambalaj\u0131ndan \u00e7\u0131km\u0131\u015f paketi y\u0131rt\u0131lm\u0131\u015f uzun s\u00fcre hava ile temas etmi\u015f silikajel ( Nem Al\u0131c\u0131 ) i\u015flevini yitirmi\u015f olabilir ve kullan\u0131lmamas\u0131 \u00f6nerilir.<\/strong><\/span><\/h2>\n<p style=\"text-align: center;\"><span style=\"color: #ffffff;\">#silikajel #silicagel #silica #gel #nemal\u0131c\u0131 #nemalici #silika #desicant #desiccant #dessicant #nemal\u0131c\u0131silikajel #rutubet\u00f6nleyici #rutubetal\u0131c\u0131 #nemtutucu #oksijenemici #oksijenemicipaket #silikajelpaketi #silicagelpaketi #slikajel #silikajelfiyat #nemal\u0131c\u0131fiyat #nemal\u0131c\u0131nedir #nemtut #nemtutucu #istanbul #ankara #izmir #bursa #oksijenabsorber #nem\u00e7ekici #nemlendirici #silikajelmarket #nem\u00e7ek #sodyumsilikat #nemal\u0131c\u0131po\u015fet #korozyon\u00f6nleyici #silikagel #silica-gel<\/span><\/p>\n","protected":false},"excerpt":{"rendered":"<h4 style=\"text-align: center;\">Renk de\u011fi\u015ftiren Turuncu\u00a0 ( Orange ) Nem al\u0131c\u0131 silikajel\u00a0 (silica gel ) 1000 gr\u2019l\u0131k.<\/h4>\n<p>&nbsp;<\/p>\n<p>&nbsp;<\/p>\n<div id=\"wp_rp_first\" class=\"wp_rp_wrap wp_rp_vertical_m\">\n<div class=\"wp_rp_content\"><\/div>\n<\/div>\n","protected":false},"featured_media":195,"comment_status":"open","ping_status":"closed","template":"","meta":{"_monsterinsights_skip_tracking":false,"_monsterinsights_sitenote_active":false,"_monsterinsights_sitenote_note":"","_monsterinsights_sitenote_category":0,"advanced_seo_description":"","jetpack_seo_html_title":"","jetpack_seo_noindex":false,"jetpack_publicize_message":"","jetpack_publicize_feature_enabled":true,"jetpack_social_post_already_shared":false,"jetpack_social_options":{"image_generator_settings":{"template":"highway","default_image_id":0,"enabled":false},"version":2}},"product_brand":[],"product_cat":[15,66,158,16,85],"product_tag":[74,71,73,70,72,25,75,76,80,24,31,18,77,81,82,155,21,78,137,87,92,91,35,32,33,36,43,41,17,79,83,84,51,39,40,50,86,89,90,88],"class_list":{"0":"post-194","1":"product","2":"type-product","3":"status-publish","4":"has-post-thumbnail","6":"product_cat-tum-urunler","7":"product_cat-dokme-nem-alici","8":"product_cat-konteynir-kurutucu","9":"product_cat-silikajel","10":"product_cat-turuncu","11":"product_tag-74","12":"product_tag-1000gr","13":"product_tag-1000grlik","14":"product_tag-1kg","15":"product_tag-1kglik","16":"product_tag-desiccant","17":"product_tag-konteynir","18":"product_tag-konteynir-kurutucu","19":"product_tag-mavi-silikajel-nem-alici","20":"product_tag-nem","21":"product_tag-nem-absorber","22":"product_tag-nem-alici","23":"product_tag-nem-alici-silikajel","24":"product_tag-nem-alici-silikajel-ankara","25":"product_tag-nem-alici-silikajel-izmir","26":"product_tag-nem-giderici","27":"product_tag-nem-tutucu","28":"product_tag-nem-tutucu-silikajel","29":"product_tag-nemlendirici","30":"product_tag-orange","31":"product_tag-orange-nem-alici","32":"product_tag-orange-silikajel","33":"product_tag-rutubet-emici","34":"product_tag-rutubet-onleyici","35":"product_tag-rutubet-tutucu","36":"product_tag-silicagel","37":"product_tag-silika-jel","38":"product_tag-silika-jel-krem","39":"product_tag-silikajel","40":"product_tag-silikajel-nem-alici","41":"product_tag-silikajel-nem-alici-eczanesi","42":"product_tag-silikajel-nem-alici-nasil-kullanilir","43":"product_tag-tablet-silikajel","44":"product_tag-toz-silikajel","45":"product_tag-trafo-silikajel","46":"product_tag-trafo-silikajeli","47":"product_tag-turuncu","48":"product_tag-turuncu-nem-alici","49":"product_tag-turuncu-silicagel","50":"product_tag-turuncu-silikajel","52":"first","53":"instock","54":"taxable","55":"shipping-taxable","56":"product-type-simple"},"jetpack_publicize_connections":[],"jetpack_sharing_enabled":true,"jetpack-related-posts":[],"jetpack_likes_enabled":true,"_links":{"self":[{"href":"https:\/\/silikajel.kimted.net\/index.php?rest_route=\/wp\/v2\/product\/194","targetHints":{"allow":["GET"]}}],"collection":[{"href":"https:\/\/silikajel.kimted.net\/index.php?rest_route=\/wp\/v2\/product"}],"about":[{"href":"https:\/\/silikajel.kimted.net\/index.php?rest_route=\/wp\/v2\/types\/product"}],"replies":[{"embeddable":true,"href":"https:\/\/silikajel.kimted.net\/index.php?rest_route=%2Fwp%2Fv2%2Fcomments&post=194"}],"wp:featuredmedia":[{"embeddable":true,"href":"https:\/\/silikajel.kimted.net\/index.php?rest_route=\/wp\/v2\/media\/195"}],"wp:attachment":[{"href":"https:\/\/silikajel.kimted.net\/index.php?rest_route=%2Fwp%2Fv2%2Fmedia&parent=194"}],"wp:term":[{"taxonomy":"product_brand","embeddable":true,"href":"https:\/\/silikajel.kimted.net\/index.php?rest_route=%2Fwp%2Fv2%2Fproduct_brand&post=194"},{"taxonomy":"product_cat","embeddable":true,"href":"https:\/\/silikajel.kimted.net\/index.php?rest_route=%2Fwp%2Fv2%2Fproduct_cat&post=194"},{"taxonomy":"product_tag","embeddable":true,"href":"https:\/\/silikajel.kimted.net\/index.php?rest_route=%2Fwp%2Fv2%2Fproduct_tag&post=194"}],"curies":[{"name":"wp","href":"https:\/\/api.w.org\/{rel}","templated":true}]}}