{"id":137,"date":"2021-03-10T17:51:19","date_gmt":"2021-03-10T14:51:19","guid":{"rendered":"https:\/\/silikajel.kimted.net\/?post_type=product&#038;p=137"},"modified":"2026-03-24T01:44:09","modified_gmt":"2026-03-23T22:44:09","slug":"nem-alici-silikajel-100-grlik","status":"publish","type":"product","link":"https:\/\/silikajel.kimted.net\/?product=nem-alici-silikajel-100-grlik","title":{"rendered":"Nem al\u0131c\u0131 silikajel 100 gr\u2019l\u0131k"},"content":{"rendered":"<h3 style=\"text-align: center;\">Nem al\u0131c\u0131<a href=\"https:\/\/silikajel.kimted.net\/?product_tag=silikajel\"> silikajel<\/a> 100gr\u2019l\u0131k\u00a0 25 Adet&#8217;lik Paketlerde<\/h3>\n<ul>\n<li>\n<h5>Elektrik ve elektronik cihazlar\u0131n\u0131n nem ve rutubetten korunmas\u0131nda<\/h5>\n<\/li>\n<li>\n<h5>ila\u00e7lar\u0131n korunmas\u0131nda<\/h5>\n<\/li>\n<li>\n<h4>Ev kullan\u0131c\u0131lar\u0131 Baza gardolap ve \u00e7ekmecelerde.<\/h4>\n<\/li>\n<li>\n<h4>Oto yedek par\u00e7alar\u0131n deniz veya karo yolu ile ta\u015f\u0131nmas\u0131nda.<\/h4>\n<\/li>\n<li>\n<h4>End\u00fcstiriyel makina ve yedek par\u00e7alar\u0131n\u0131n saklanmas\u0131 ve ta\u015f\u0131nmas\u0131nda.<\/h4>\n<\/li>\n<li>\n<h4>Elektrik paneli ve Trafolarda.<\/h4>\n<\/li>\n<\/ul>\n<p>&nbsp;<\/p>\n<p>Silikajel \u00f6zelli\u011finden dolay\u0131 hava ile temas\u0131 halinde faaliyete ge\u00e7er. Naylon ambalaj\u0131ndan kullan\u0131m zaman\u0131na kadar kesinlikle \u00e7\u0131kar\u0131lmamal\u0131d\u0131r. \u00dcr\u00fcnlerinizin nem ve korozyondan etkilenmesini \u00f6nlemek i\u00e7in ambalajlama i\u015fleminin son a\u015famas\u0131nda naylon ambalaj\u0131ndan \u00e7\u0131kar\u0131n\u0131z ve kapataca\u011f\u0131n\u0131z koli, sand\u0131k, f\u0131\u00e7\u0131, vs. i\u00e7ine yerle\u015ftiriniz.<\/p>\n<p><strong>Not:<\/strong> Naylon ambalaj\u0131ndan \u00e7\u0131km\u0131\u015f paketi y\u0131rt\u0131lm\u0131\u015f uzun s\u00fcre hava ile temas etmi\u015f silikajel ( <a href=\"https:\/\/silikajel.kimted.net\/\">Nem Al\u0131c\u0131<\/a> ) i\u015flevini yitirmi\u015f olabilir ve kullan\u0131lmamas\u0131 \u00f6nerilir..<\/p>\n<p>&nbsp;<\/p>\n<p style=\"text-align: center;\">#silikajel #silicagel #silica #gel #nemal\u0131c\u0131 #nemalici #silika #desicant #desiccant #dessicant #nemal\u0131c\u0131silikajel #rutubet\u00f6nleyici #rutubetal\u0131c\u0131 #nemtutucu #oksijenemici #oksijenemicipaket #silikajelpaketi #silicagelpaketi #slikajel #silikajelfiyat #nemal\u0131c\u0131fiyat #nemal\u0131c\u0131nedir #nemtut #nemtutucu #istanbul #ankara #izmir #bursa #oksijenabsorber #nem\u00e7ekici #nemlendirici #silikajelmarket #nem\u00e7ek #sodyumsilikat #nemal\u0131c\u0131po\u015fet #korozyon\u00f6nleyici #silikagel #<a href=\"https:\/\/silikajel.kimted.net\/?product=dokme-nem-alici-silikajel-beyaz\">silica-gel<\/a><\/p>\n<p>&nbsp;<\/p>\n","protected":false},"excerpt":{"rendered":"<h4>Nem al\u0131c\u0131 <a href=\"https:\/\/silikajel.kimted.net\/?product_tag=silika-jel\">silikajel<\/a> 100 gr\u2019l\u0131k 25 Adet&#8217;lik Paketlerde.<\/h4>\n<h5>Paket \u00d6l\u00e7\u00fcleri: 15x7cm<\/h5>\n<p>&nbsp;<\/p>\n<p>&nbsp;<\/p>\n<div id=\"wp_rp_first\" class=\"wp_rp_wrap wp_rp_vertical_m\">\n<div class=\"wp_rp_content\"><\/div>\n<\/div>\n","protected":false},"featured_media":138,"comment_status":"open","ping_status":"closed","template":"","meta":{"_monsterinsights_skip_tracking":false,"_monsterinsights_sitenote_active":false,"_monsterinsights_sitenote_note":"","_monsterinsights_sitenote_category":0,"advanced_seo_description":"","jetpack_seo_html_title":"","jetpack_seo_noindex":false,"jetpack_publicize_message":"","jetpack_publicize_feature_enabled":true,"jetpack_social_post_already_shared":false,"jetpack_social_options":{"image_generator_settings":{"template":"highway","default_image_id":0,"enabled":false},"version":2}},"product_brand":[],"product_cat":[15,16],"product_tag":[52,54,55,53,25,149,24,31,18,136,21,137,35,32,33,148,36,43,41,17,150,51,39,40,50],"class_list":{"0":"post-137","1":"product","2":"type-product","3":"status-publish","4":"has-post-thumbnail","6":"product_cat-tum-urunler","7":"product_cat-silikajel","8":"product_tag-52","9":"product_tag-100-gr","10":"product_tag-100-gramlik","11":"product_tag-100gr","12":"product_tag-desiccant","13":"product_tag-korozyon-onleyici","14":"product_tag-nem","15":"product_tag-nem-absorber","16":"product_tag-nem-alici","17":"product_tag-nem-cekici","18":"product_tag-nem-tutucu","19":"product_tag-nemlendirici","20":"product_tag-rutubet-emici","21":"product_tag-rutubet-onleyici","22":"product_tag-rutubet-tutucu","23":"product_tag-silica-gel","24":"product_tag-silicagel","25":"product_tag-silika-jel","26":"product_tag-silika-jel-krem","27":"product_tag-silikajel","28":"product_tag-sodium-silikat","29":"product_tag-tablet-silikajel","30":"product_tag-toz-silikajel","31":"product_tag-trafo-silikajel","32":"product_tag-trafo-silikajeli","34":"first","35":"instock","36":"taxable","37":"shipping-taxable","38":"product-type-simple"},"jetpack_publicize_connections":[],"jetpack_sharing_enabled":true,"jetpack-related-posts":[],"jetpack_likes_enabled":true,"_links":{"self":[{"href":"https:\/\/silikajel.kimted.net\/index.php?rest_route=\/wp\/v2\/product\/137","targetHints":{"allow":["GET"]}}],"collection":[{"href":"https:\/\/silikajel.kimted.net\/index.php?rest_route=\/wp\/v2\/product"}],"about":[{"href":"https:\/\/silikajel.kimted.net\/index.php?rest_route=\/wp\/v2\/types\/product"}],"replies":[{"embeddable":true,"href":"https:\/\/silikajel.kimted.net\/index.php?rest_route=%2Fwp%2Fv2%2Fcomments&post=137"}],"wp:featuredmedia":[{"embeddable":true,"href":"https:\/\/silikajel.kimted.net\/index.php?rest_route=\/wp\/v2\/media\/138"}],"wp:attachment":[{"href":"https:\/\/silikajel.kimted.net\/index.php?rest_route=%2Fwp%2Fv2%2Fmedia&parent=137"}],"wp:term":[{"taxonomy":"product_brand","embeddable":true,"href":"https:\/\/silikajel.kimted.net\/index.php?rest_route=%2Fwp%2Fv2%2Fproduct_brand&post=137"},{"taxonomy":"product_cat","embeddable":true,"href":"https:\/\/silikajel.kimted.net\/index.php?rest_route=%2Fwp%2Fv2%2Fproduct_cat&post=137"},{"taxonomy":"product_tag","embeddable":true,"href":"https:\/\/silikajel.kimted.net\/index.php?rest_route=%2Fwp%2Fv2%2Fproduct_tag&post=137"}],"curies":[{"name":"wp","href":"https:\/\/api.w.org\/{rel}","templated":true}]}}