{"id":136,"date":"2021-03-10T17:47:14","date_gmt":"2021-03-10T14:47:14","guid":{"rendered":"https:\/\/silikajel.kimted.net\/?post_type=product&#038;p=136"},"modified":"2021-08-12T18:44:51","modified_gmt":"2021-08-12T15:44:51","slug":"nem-alici-silikajel-50-grlik","status":"publish","type":"product","link":"https:\/\/silikajel.kimted.net\/?product=nem-alici-silikajel-50-grlik","title":{"rendered":"Nem al\u0131c\u0131 silikajel 50 gr\u2019l\u0131k"},"content":{"rendered":"<h3 style=\"text-align: center;\">Nem al\u0131c\u0131 silikajel 50gr\u2019l\u0131k\u00a0 50 Adet&#8217;lik Paketlerde<\/h3>\n<h4>\u00dcretim sonras\u0131 sevkiyat ve depolarda saklama esnas\u0131nda havada bulunan nem ve rutubet \u00fcr\u00fcnlerin ve ambalajlar\u0131n bozulmas\u0131na k\u00fcflenmesine elektronik cihazlarda nemden dolay\u0131 bozulmalara yol a\u00e7abilir.. Bu sebepten nem al\u0131c\u0131 silikajel \u00fcr\u00fcnlerinin kullan\u0131lmas\u0131 sizin ve \u00fcr\u00fcnlerinizin yarar\u0131na olacakt\u0131r.<\/h4>\n<p style=\"text-align: center;\"><strong>50 gr\u2019l\u0131k nem al\u0131c\u0131lar Kullan\u0131m alanlar\u0131.<\/strong><\/p>\n<ul>\n<li>\u00a0Konteyn\u0131r ( Container )<\/li>\n<li>Elektronik \u00dcr\u00fcnler. ( Bilgisayar, bilgisayar par\u00e7alar\u0131, sarf malzemeler, elektronik kartlar devreler, vs..)<\/li>\n<li>Alet kutular\u0131,\u00a0Saklama kaplar\u0131,\u00a0Kasalar ve dolab\u0131<\/li>\n<li>G\u00fcm\u00fc\u015f \u00e7ekmece,\u00a0Foto\u011fraflar,\u00a0Saklanan ara\u00e7lar<\/li>\n<li>Kargo Vs, tekneler, vb..<\/li>\n<li>Kolleksiyon (pul, para vb)<\/li>\n<li>Metal ve makine par\u00e7alar\u0131,\u00a0End\u00fcstriyel ekipman<\/li>\n<li>\u0130la\u00e7 ve vitaminler,\u00a0Askeri ara\u00e7lar<\/li>\n<li>Devre,\u00a0Belgeler,\u00a0Enstr\u00fcmanlar,\u00a0Fototeknikler ve film<\/li>\n<li>G\u0131da Maddeleri,\u00a0Piller,\u00a0Evcil hayvan yemleri<\/li>\n<li>Optik cihazlar,\u00a0T\u0131bbi cihazlar,\u00a0Deri \u00fcr\u00fcnleri<\/li>\n<li>Tekstil \u00fcr\u00fcnleri. ( Ti\u015f\u00f6rt, g\u00f6mlek, kazak, ceket, havlu ev tekstili vs. )<\/li>\n<\/ul>\n<p>&nbsp;<\/p>\n<h5 style=\"text-align: center;\">#silikajel #silicagel #silica #gel #nemal\u0131c\u0131 #nemalici #silika #desicant #desiccant #dessicant #nemal\u0131c\u0131silikajel #rutubet\u00f6nleyici #rutubetal\u0131c\u0131 #nemtutucu #oksijenemici #oksijenemicipaket #silikajelpaketi #silicagelpaketi #slikajel #silikajelfiyat #nemal\u0131c\u0131fiyat #nemal\u0131c\u0131nedir #nemtut #nemtutucu #istanbul #ankara #izmir #bursa #oksijenabsorber #nem\u00e7ekici #nemlendirici #silikajelmarket #nem\u00e7ek #sodyumsilikat #nemal\u0131c\u0131po\u015fet #korozyon\u00f6nleyici #silikagel #silica-gel<\/h5>\n<p>&nbsp;<\/p>\n","protected":false},"excerpt":{"rendered":"<p>Nem al\u0131c\u0131 silikajel 50 gr\u2019l\u0131k 50 Adet&#8217;lik Paketlerde.<\/p>\n<p>&nbsp;<\/p>\n<p>&nbsp;<\/p>\n<div id=\"wp_rp_first\" class=\"wp_rp_wrap wp_rp_vertical_m\">\n<div class=\"wp_rp_content\"><\/div>\n<\/div>\n","protected":false},"featured_media":142,"comment_status":"open","ping_status":"closed","template":"","meta":{"_monsterinsights_skip_tracking":false,"_monsterinsights_sitenote_active":false,"_monsterinsights_sitenote_note":"","_monsterinsights_sitenote_category":0,"advanced_seo_description":"","jetpack_seo_html_title":"","jetpack_seo_noindex":false,"jetpack_publicize_message":"","jetpack_publicize_feature_enabled":true,"jetpack_social_post_already_shared":false,"jetpack_social_options":{"image_generator_settings":{"template":"highway","default_image_id":0,"enabled":false},"version":2}},"product_brand":[],"product_cat":[15,16],"product_tag":[185,48,47,49,25,24,31,18,77,81,82,21,137,35,32,33,36,43,41,17,156,186,51,39,40,50],"class_list":{"0":"post-136","1":"product","2":"type-product","3":"status-publish","4":"has-post-thumbnail","6":"product_cat-tum-urunler","7":"product_cat-silikajel","8":"product_tag-185","9":"product_tag-50-gr","10":"product_tag-50gr","11":"product_tag-50grlik","12":"product_tag-desiccant","13":"product_tag-nem","14":"product_tag-nem-absorber","15":"product_tag-nem-alici","16":"product_tag-nem-alici-silikajel","17":"product_tag-nem-alici-silikajel-ankara","18":"product_tag-nem-alici-silikajel-izmir","19":"product_tag-nem-tutucu","20":"product_tag-nemlendirici","21":"product_tag-rutubet-emici","22":"product_tag-rutubet-onleyici","23":"product_tag-rutubet-tutucu","24":"product_tag-silicagel","25":"product_tag-silika-jel","26":"product_tag-silika-jel-krem","27":"product_tag-silikajel","28":"product_tag-silikat","29":"product_tag-sodyumsilikat","30":"product_tag-tablet-silikajel","31":"product_tag-toz-silikajel","32":"product_tag-trafo-silikajel","33":"product_tag-trafo-silikajeli","35":"first","36":"instock","37":"taxable","38":"shipping-taxable","39":"product-type-simple"},"jetpack_publicize_connections":[],"jetpack_sharing_enabled":true,"jetpack-related-posts":[],"jetpack_likes_enabled":true,"_links":{"self":[{"href":"https:\/\/silikajel.kimted.net\/index.php?rest_route=\/wp\/v2\/product\/136","targetHints":{"allow":["GET"]}}],"collection":[{"href":"https:\/\/silikajel.kimted.net\/index.php?rest_route=\/wp\/v2\/product"}],"about":[{"href":"https:\/\/silikajel.kimted.net\/index.php?rest_route=\/wp\/v2\/types\/product"}],"replies":[{"embeddable":true,"href":"https:\/\/silikajel.kimted.net\/index.php?rest_route=%2Fwp%2Fv2%2Fcomments&post=136"}],"wp:featuredmedia":[{"embeddable":true,"href":"https:\/\/silikajel.kimted.net\/index.php?rest_route=\/wp\/v2\/media\/142"}],"wp:attachment":[{"href":"https:\/\/silikajel.kimted.net\/index.php?rest_route=%2Fwp%2Fv2%2Fmedia&parent=136"}],"wp:term":[{"taxonomy":"product_brand","embeddable":true,"href":"https:\/\/silikajel.kimted.net\/index.php?rest_route=%2Fwp%2Fv2%2Fproduct_brand&post=136"},{"taxonomy":"product_cat","embeddable":true,"href":"https:\/\/silikajel.kimted.net\/index.php?rest_route=%2Fwp%2Fv2%2Fproduct_cat&post=136"},{"taxonomy":"product_tag","embeddable":true,"href":"https:\/\/silikajel.kimted.net\/index.php?rest_route=%2Fwp%2Fv2%2Fproduct_tag&post=136"}],"curies":[{"name":"wp","href":"https:\/\/api.w.org\/{rel}","templated":true}]}}