{"id":133,"date":"2021-03-10T17:39:00","date_gmt":"2021-03-10T14:39:00","guid":{"rendered":"https:\/\/silikajel.kimted.net\/?post_type=product&#038;p=133"},"modified":"2021-08-12T18:50:47","modified_gmt":"2021-08-12T15:50:47","slug":"nem-alici-silikajel-25-grlik","status":"publish","type":"product","link":"https:\/\/silikajel.kimted.net\/?product=nem-alici-silikajel-25-grlik","title":{"rendered":"Nem al\u0131c\u0131 silikajel 25 gr\u2019l\u0131k"},"content":{"rendered":"<h3 style=\"text-align: center;\">Nem al\u0131c\u0131 silikajel 25gr\u2019l\u0131k\u00a0 100 Adet&#8217;lik Paketlerde<\/h3>\n<h4>Silikajel nem al\u0131c\u0131 paketler y\u00fcksek rutubet, nem \u00e7ekme yetene\u011fine sahip nem al\u0131c\u0131 paketleridir. Ambalaj\u0131nda kullan\u0131lan nefes alma yetene\u011fine sahip mikro g\u00f6zenekli \u00f6zel ambalaj ile rutubetin istenmedi\u011fi her alanda y\u00fcksek kuruluk elde etmek i\u00e7in g\u00fcvenle ve rahatl\u0131kla kullan\u0131labilir. Silikajel paketlerinin uzun d\u00f6nemli ve y\u00fcksek performansta \u00e7al\u0131\u015fabilmesi i\u00e7in kullan\u0131lan ortam\u0131n atmosfer ile ili\u015fi\u011finin kesilmi\u015f olmas\u0131, herhangi bir hava ak\u0131m\u0131n\u0131n olmamas\u0131 gerekmektedir.<\/h4>\n<p style=\"text-align: center;\"><strong>25gr\u2019l\u0131k nem al\u0131c\u0131lar Kullan\u0131m alanlar\u0131:<\/strong><\/p>\n<ul>\n<li>\u00a0Konteyn\u0131r ( container )<\/li>\n<li>Elektronik \u00fcr\u00fcnler ( Bilgisayar, bilgisayar par\u00e7alar\u0131, sarf malzemeler, elektronik kartlar devreler, vs..)<\/li>\n<li>Alet kutular\u0131,\u00a0Saklama kaplar\u0131,\u00a0Kasalar ve dolab\u0131<\/li>\n<li>G\u00fcm\u00fc\u015f \u00e7ekmece,\u00a0Foto\u011fraflar,\u00a0Saklanan ara\u00e7lar<\/li>\n<li>Kargo Vs, tekneler, vb..<\/li>\n<li>Kolleksiyon (pul, para vb)<\/li>\n<li>Metal ve makine par\u00e7alar\u0131,\u00a0End\u00fcstriyel ekipman<\/li>\n<li>\u0130la\u00e7 ve vitaminler,\u00a0Askeri ara\u00e7lar<\/li>\n<li>Devre,\u00a0Belgeler,\u00a0Enstr\u00fcmanlar,\u00a0Fototeknikler ve film<\/li>\n<li>G\u0131da Maddeleri,\u00a0Piller,\u00a0Evcil hayvan yemleri<\/li>\n<li>Optik cihazlar,\u00a0T\u0131bbi cihazlar,\u00a0Deri \u00fcr\u00fcnleri<\/li>\n<li>Tekstil \u00fcr\u00fcnleri. ( Ti\u015f\u00f6rt, g\u00f6mlek, kazak, ceket, havlu ev tekstili vs. )<\/li>\n<\/ul>\n<p>&nbsp;<\/p>\n<h5 style=\"text-align: center;\">#silikajel #silicagel #silica #gel #nemal\u0131c\u0131 #nemalici #silika #desicant #desiccant #dessicant #nemal\u0131c\u0131silikajel #rutubet\u00f6nleyici #rutubetal\u0131c\u0131 #nemtutucu #oksijenemici #oksijenemicipaket #silikajelpaketi #silicagelpaketi #slikajel #silikajelfiyat #nemal\u0131c\u0131fiyat #nemal\u0131c\u0131nedir #nemtut #nemtutucu #istanbul #ankara #izmir #bursa #oksijenabsorber #nem\u00e7ekici #nemlendirici #silikajelmarket #nem\u00e7ek #sodyumsilikat #nemal\u0131c\u0131po\u015fet #korozyon\u00f6nleyici #silikagel #silica-gel<\/h5>\n<p>&nbsp;<\/p>\n","protected":false},"excerpt":{"rendered":"<p>Nem al\u0131c\u0131 silikajel 25 gr\u2019l\u0131k 100 Adet&#8217;lik Paketlerde.<\/p>\n<p>&nbsp;<\/p>\n<p>&nbsp;<\/p>\n<div id=\"wp_rp_first\" class=\"wp_rp_wrap wp_rp_vertical_m\">\n<div class=\"wp_rp_content\"><\/div>\n<\/div>\n","protected":false},"featured_media":134,"comment_status":"open","ping_status":"closed","template":"","meta":{"_monsterinsights_skip_tracking":false,"_monsterinsights_sitenote_active":false,"_monsterinsights_sitenote_note":"","_monsterinsights_sitenote_category":0,"advanced_seo_description":"","jetpack_seo_html_title":"","jetpack_seo_noindex":false,"jetpack_publicize_message":"","jetpack_publicize_feature_enabled":true,"jetpack_social_post_already_shared":false,"jetpack_social_options":{"image_generator_settings":{"template":"highway","default_image_id":0,"enabled":false},"version":2}},"product_brand":[],"product_cat":[15,16],"product_tag":[45,46,44,34,25,24,31,18,77,81,82,21,137,35,32,33,36,43,41,17,79,84,51,39,40,50],"class_list":{"0":"post-133","1":"product","2":"type-product","3":"status-publish","4":"has-post-thumbnail","6":"product_cat-tum-urunler","7":"product_cat-silikajel","8":"product_tag-25-gr","9":"product_tag-25-gramlik","10":"product_tag-25gr","11":"product_tag-5gr","12":"product_tag-desiccant","13":"product_tag-nem","14":"product_tag-nem-absorber","15":"product_tag-nem-alici","16":"product_tag-nem-alici-silikajel","17":"product_tag-nem-alici-silikajel-ankara","18":"product_tag-nem-alici-silikajel-izmir","19":"product_tag-nem-tutucu","20":"product_tag-nemlendirici","21":"product_tag-rutubet-emici","22":"product_tag-rutubet-onleyici","23":"product_tag-rutubet-tutucu","24":"product_tag-silicagel","25":"product_tag-silika-jel","26":"product_tag-silika-jel-krem","27":"product_tag-silikajel","28":"product_tag-silikajel-nem-alici","29":"product_tag-silikajel-nem-alici-nasil-kullanilir","30":"product_tag-tablet-silikajel","31":"product_tag-toz-silikajel","32":"product_tag-trafo-silikajel","33":"product_tag-trafo-silikajeli","35":"first","36":"instock","37":"taxable","38":"shipping-taxable","39":"product-type-simple"},"jetpack_publicize_connections":[],"jetpack_sharing_enabled":true,"jetpack-related-posts":[],"jetpack_likes_enabled":true,"_links":{"self":[{"href":"https:\/\/silikajel.kimted.net\/index.php?rest_route=\/wp\/v2\/product\/133","targetHints":{"allow":["GET"]}}],"collection":[{"href":"https:\/\/silikajel.kimted.net\/index.php?rest_route=\/wp\/v2\/product"}],"about":[{"href":"https:\/\/silikajel.kimted.net\/index.php?rest_route=\/wp\/v2\/types\/product"}],"replies":[{"embeddable":true,"href":"https:\/\/silikajel.kimted.net\/index.php?rest_route=%2Fwp%2Fv2%2Fcomments&post=133"}],"wp:featuredmedia":[{"embeddable":true,"href":"https:\/\/silikajel.kimted.net\/index.php?rest_route=\/wp\/v2\/media\/134"}],"wp:attachment":[{"href":"https:\/\/silikajel.kimted.net\/index.php?rest_route=%2Fwp%2Fv2%2Fmedia&parent=133"}],"wp:term":[{"taxonomy":"product_brand","embeddable":true,"href":"https:\/\/silikajel.kimted.net\/index.php?rest_route=%2Fwp%2Fv2%2Fproduct_brand&post=133"},{"taxonomy":"product_cat","embeddable":true,"href":"https:\/\/silikajel.kimted.net\/index.php?rest_route=%2Fwp%2Fv2%2Fproduct_cat&post=133"},{"taxonomy":"product_tag","embeddable":true,"href":"https:\/\/silikajel.kimted.net\/index.php?rest_route=%2Fwp%2Fv2%2Fproduct_tag&post=133"}],"curies":[{"name":"wp","href":"https:\/\/api.w.org\/{rel}","templated":true}]}}