{"id":11,"date":"2021-03-08T22:25:29","date_gmt":"2021-03-08T19:25:29","guid":{"rendered":"https:\/\/silikajel.kimted.net\/?post_type=product&#038;p=11"},"modified":"2021-09-09T14:11:07","modified_gmt":"2021-09-09T11:11:07","slug":"nem-alici-silikajel-0-5grlik","status":"publish","type":"product","link":"https:\/\/silikajel.kimted.net\/?product=nem-alici-silikajel-0-5grlik","title":{"rendered":"Nem al\u0131c\u0131 silikajel 0.5gr&#8217;l\u0131k"},"content":{"rendered":"<h1 style=\"text-align: center;\">Nem Al\u0131c\u0131 Silikajel 0,5gr<\/h1>\n<h2 style=\"text-align: center;\">Nem Al\u0131c\u0131 Silikajel ( silicagel ) desiccant<br \/>\n\u00d6zel Vakumlu Ambalaj\u0131nda<br \/>\n0,5 \u2013 1 graml\u0131k 1000 Adetlik veya daha fazla Ambalajlarda.<\/h2>\n<ul>\n<li>End\u00fcstriyel hava kurutma sistemleri<\/li>\n<li>Hassas bir\u00e7ok malzemenin g\u00fcvenli ve kuru saklanmas\u0131nda<\/li>\n<li>Rutubet istenmeyen her t\u00fcr ortamda<\/li>\n<li>Trafo<\/li>\n<li>Elektronik \u00dcr\u00fcnlerin korunmas\u0131nda<\/li>\n<li>G\u0131dalar\u0131n korunmas\u0131nda<\/li>\n<li>\u0130la\u00e7lar\u0131n korunmas\u0131nda<\/li>\n<li>Bu \u00fcr\u00fcn Terlik ayakkab\u0131, \u00e7orap, g\u00f6mlek, benzeri tekstik \u00fcr\u00fcnlerin nem ve rutubet<\/li>\n<li>\u00f6nlemedeki \u00e7\u00f6z\u00fcmlerinde kullan\u0131m\u0131 uygundur..<\/li>\n<\/ul>\n","protected":false},"excerpt":{"rendered":"<h4 style=\"text-align: center;\">Nem Al\u0131c\u0131 Silikajel 0,5 gr\u00a0 1000 Adet&#8217;lik paketlerde.<\/h4>\n<h5 style=\"text-align: center;\"><strong>Paket \u00d6l\u00e7\u00fcleri: 3x2cm<\/strong><\/h5>\n<p style=\"text-align: center;\">\n","protected":false},"featured_media":21,"comment_status":"open","ping_status":"closed","template":"","meta":{"_monsterinsights_skip_tracking":false,"_monsterinsights_sitenote_active":false,"_monsterinsights_sitenote_note":"","_monsterinsights_sitenote_category":0,"advanced_seo_description":"","jetpack_seo_html_title":"","jetpack_seo_noindex":false,"jetpack_publicize_message":"","jetpack_publicize_feature_enabled":true,"jetpack_social_post_already_shared":false,"jetpack_social_options":{"image_generator_settings":{"template":"highway","default_image_id":0,"enabled":false},"version":2}},"product_brand":[],"product_cat":[15,16],"product_tag":[20,19,68,94,93,160,231,25,206,75,76,80,246,24,31,250,18,77,81,82,21,35,32,33,43,210,208,211,213,212,216,215,218,214,226,225,227,223,238,237,222,242,241,239,240,255,249,252,253,257,228,254,224,221,17,233,236,234,235,209,217,219,230,220,229,202,204,244,243,203,205,245,139,79,83,247,248,207,251,256,51,39,40,232,50,147],"class_list":{"0":"post-11","1":"product","2":"type-product","3":"status-publish","4":"has-post-thumbnail","6":"product_cat-tum-urunler","7":"product_cat-silikajel","8":"product_tag-0-5-gram","9":"product_tag-05gram","10":"product_tag-5-gr","11":"product_tag-5-gramlik","12":"product_tag-5gramlik","13":"product_tag-beyaz-silikajel","14":"product_tag-delta-silikajel","15":"product_tag-desiccant","16":"product_tag-indikatorlu","17":"product_tag-konteynir","18":"product_tag-konteynir-kurutucu","19":"product_tag-mavi-silikajel-nem-alici","20":"product_tag-merck-silikajel","21":"product_tag-nem","22":"product_tag-nem-absorber","23":"product_tag-nem-alici-silika-jel","24":"product_tag-nem-alici","25":"product_tag-nem-alici-silikajel","26":"product_tag-nem-alici-silikajel-ankara","27":"product_tag-nem-alici-silikajel-izmir","28":"product_tag-nem-tutucu","29":"product_tag-rutubet-emici","30":"product_tag-rutubet-onleyici","31":"product_tag-rutubet-tutucu","32":"product_tag-silika-jel","33":"product_tag-silika-jel-al","34":"product_tag-silika-jel-ankara","35":"product_tag-silika-jel-antalya","36":"product_tag-silika-jel-araba","37":"product_tag-silika-jel-ayakkabi","38":"product_tag-silika-jel-bauhaus","39":"product_tag-silika-jel-boncuk","40":"product_tag-silika-jel-boya","41":"product_tag-silika-jel-bursa","42":"product_tag-silika-jel-cesitleri","43":"product_tag-silika-jel-cicek-kurutma","44":"product_tag-silika-jel-corlu","45":"product_tag-silika-jel-formulu","46":"product_tag-silika-jel-hammaddesi","47":"product_tag-silika-jel-hepsiburada","48":"product_tag-silika-jel-hs-code","49":"product_tag-silika-jel-ikitelli","50":"product_tag-silika-jel-istanbul","51":"product_tag-silika-jel-istoc","52":"product_tag-silika-jel-izmir","53":"product_tag-silika-jel-kimyasal-ozellikleri","54":"product_tag-silika-jel-nem-alici","55":"product_tag-silika-jel-ozellikleri","56":"product_tag-silika-jel-raf-omru","57":"product_tag-silika-jel-satis","58":"product_tag-silika-jel-suda-cozunur-mu","59":"product_tag-silika-jel-teknik-ozellikleri","60":"product_tag-silika-jel-uretimi","61":"product_tag-silika-jel-com","62":"product_tag-silikajel","63":"product_tag-silikajel-1-gr","64":"product_tag-silikajel-10-gr","65":"product_tag-silikajel-100-gr","66":"product_tag-silikajel-250-gr","67":"product_tag-silikajel-atik-kodu","68":"product_tag-silikajel-beyaz","69":"product_tag-silikajel-beyaz-nem-alici","70":"product_tag-silikajel-degisimi","71":"product_tag-silikajel-desikator-boncuklari","72":"product_tag-silikajel-dokme","73":"product_tag-silikajel-fiyat","74":"product_tag-silikajel-kabi","75":"product_tag-silikajel-kimya","76":"product_tag-silikajel-kullanim-omru","77":"product_tag-silikajel-market","78":"product_tag-silikajel-mavi","79":"product_tag-silikajel-msds","80":"product_tag-silikajel-nedir","81":"product_tag-silikajel-nem-alici","82":"product_tag-silikajel-nem-alici-eczanesi","83":"product_tag-silikajel-nem-alici-nedir","84":"product_tag-silikajel-nem-alma","85":"product_tag-silikajel-nem-tutucu","86":"product_tag-silikajel-online","87":"product_tag-silikajel-paket","88":"product_tag-tablet-silikajel","89":"product_tag-toz-silikajel","90":"product_tag-trafo-silikajel","91":"product_tag-trafo-silikajel-degisimi","92":"product_tag-trafo-silikajeli","93":"product_tag-yarim-gram","95":"first","96":"instock","97":"taxable","98":"shipping-taxable","99":"product-type-simple"},"jetpack_publicize_connections":[],"jetpack_sharing_enabled":true,"jetpack-related-posts":[],"jetpack_likes_enabled":true,"_links":{"self":[{"href":"https:\/\/silikajel.kimted.net\/index.php?rest_route=\/wp\/v2\/product\/11","targetHints":{"allow":["GET"]}}],"collection":[{"href":"https:\/\/silikajel.kimted.net\/index.php?rest_route=\/wp\/v2\/product"}],"about":[{"href":"https:\/\/silikajel.kimted.net\/index.php?rest_route=\/wp\/v2\/types\/product"}],"replies":[{"embeddable":true,"href":"https:\/\/silikajel.kimted.net\/index.php?rest_route=%2Fwp%2Fv2%2Fcomments&post=11"}],"wp:featuredmedia":[{"embeddable":true,"href":"https:\/\/silikajel.kimted.net\/index.php?rest_route=\/wp\/v2\/media\/21"}],"wp:attachment":[{"href":"https:\/\/silikajel.kimted.net\/index.php?rest_route=%2Fwp%2Fv2%2Fmedia&parent=11"}],"wp:term":[{"taxonomy":"product_brand","embeddable":true,"href":"https:\/\/silikajel.kimted.net\/index.php?rest_route=%2Fwp%2Fv2%2Fproduct_brand&post=11"},{"taxonomy":"product_cat","embeddable":true,"href":"https:\/\/silikajel.kimted.net\/index.php?rest_route=%2Fwp%2Fv2%2Fproduct_cat&post=11"},{"taxonomy":"product_tag","embeddable":true,"href":"https:\/\/silikajel.kimted.net\/index.php?rest_route=%2Fwp%2Fv2%2Fproduct_tag&post=11"}],"curies":[{"name":"wp","href":"https:\/\/api.w.org\/{rel}","templated":true}]}}