{"id":202,"date":"2021-03-24T15:28:37","date_gmt":"2021-03-24T12:28:37","guid":{"rendered":"https:\/\/silikajel.kimted.net\/?page_id=202"},"modified":"2025-05-21T13:20:41","modified_gmt":"2025-05-21T10:20:41","slug":"iletisim-kimted-limited-sirketi","status":"publish","type":"page","link":"https:\/\/silikajel.kimted.net\/?page_id=202","title":{"rendered":"\u0130leti\u015fim"},"content":{"rendered":"\n<p>K\u0131s\u0131kl\u0131 Mah. Alemda\u011f Yanyol Cad. No:25\/A<br>\u00dcSK\u00dcDAR \/ \u0130STANBUL<\/p>\n\n\n\n<p><strong>Gsm: 0 536 445 42 76 \u2013 &nbsp;Bayram \u00c7EVRE<br><\/strong>Fax: 0 216 328 95 92<\/p>\n\n\n\n<p>E.Mail:&nbsp;(MSN)&nbsp;<a href=\"mailto:kimted@kimted.com\" target=\"_blank\" rel=\"noreferrer noopener\">kimted@kimted.com<br><\/a><a href=\"mailto:kimted@kimted.com\" target=\"_blank\" rel=\"noreferrer noopener\">bayramcevre@hotmail.com<\/a><\/p>\n\n\n\n<p><\/p>\n\n\n\n<iframe src=\"https:\/\/www.google.com\/maps\/embed?pb=!1m18!1m12!1m3!1d3010.0208531309627!2d29.07822547593223!3d41.02479971840765!2m3!1f0!2f0!3f0!3m2!1i1024!2i768!4f13.1!3m3!1m2!1s0x14cac9da7b200119%3A0x360bb322f11f28e4!2sKimted%20Limited%20%C5%9Eirketi%20(MERKEZ)!5e0!3m2!1str!2str!4v1747822443778!5m2!1str!2str\" width=\"600\" height=\"450\" style=\"border:0;\" allowfullscreen=\"\" loading=\"lazy\" referrerpolicy=\"no-referrer-when-downgrade\"><\/iframe>\n\n\n\n<p><\/p>\n\n\n\n<p><\/p>\n","protected":false},"excerpt":{"rendered":"<p>K\u0131s\u0131kl\u0131 Mah. Alemda\u011f Yanyol Cad. No:25\/A\u00dcSK\u00dcDAR \/ \u0130STANBUL Gsm: 0 536 445 42 76 \u2013 &nbsp;Bayram \u00c7EVREFax: 0 216 328 95 92 E.Mail:&nbsp;(MSN)&nbsp;kimted@kimted.combayramcevre@hotmail.com<\/p>\n","protected":false},"author":1,"featured_media":23,"parent":0,"menu_order":0,"comment_status":"open","ping_status":"closed","template":"","meta":{"_monsterinsights_skip_tracking":false,"_monsterinsights_sitenote_active":false,"_monsterinsights_sitenote_note":"","_monsterinsights_sitenote_category":0,"advanced_seo_description":"","jetpack_seo_html_title":"","jetpack_seo_noindex":false,"footnotes":""},"class_list":["post-202","page","type-page","status-publish","has-post-thumbnail","hentry"],"jetpack_sharing_enabled":true,"jetpack-related-posts":[],"jetpack_likes_enabled":true,"_links":{"self":[{"href":"https:\/\/silikajel.kimted.net\/index.php?rest_route=\/wp\/v2\/pages\/202","targetHints":{"allow":["GET"]}}],"collection":[{"href":"https:\/\/silikajel.kimted.net\/index.php?rest_route=\/wp\/v2\/pages"}],"about":[{"href":"https:\/\/silikajel.kimted.net\/index.php?rest_route=\/wp\/v2\/types\/page"}],"author":[{"embeddable":true,"href":"https:\/\/silikajel.kimted.net\/index.php?rest_route=\/wp\/v2\/users\/1"}],"replies":[{"embeddable":true,"href":"https:\/\/silikajel.kimted.net\/index.php?rest_route=%2Fwp%2Fv2%2Fcomments&post=202"}],"version-history":[{"count":9,"href":"https:\/\/silikajel.kimted.net\/index.php?rest_route=\/wp\/v2\/pages\/202\/revisions"}],"predecessor-version":[{"id":278,"href":"https:\/\/silikajel.kimted.net\/index.php?rest_route=\/wp\/v2\/pages\/202\/revisions\/278"}],"wp:featuredmedia":[{"embeddable":true,"href":"https:\/\/silikajel.kimted.net\/index.php?rest_route=\/wp\/v2\/media\/23"}],"wp:attachment":[{"href":"https:\/\/silikajel.kimted.net\/index.php?rest_route=%2Fwp%2Fv2%2Fmedia&parent=202"}],"curies":[{"name":"wp","href":"https:\/\/api.w.org\/{rel}","templated":true}]}}